{"id":4,"date":"2022-04-02T12:13:05","date_gmt":"2022-04-02T10:13:05","guid":{"rendered":"https:\/\/linatosca.be\/concert\/?page_id=4"},"modified":"2022-04-02T17:40:40","modified_gmt":"2022-04-02T15:40:40","slug":"biographie","status":"publish","type":"page","link":"https:\/\/linatosca.be\/concert\/biographie\/","title":{"rendered":"Biographie de Lina Tosca"},"content":{"rendered":"<div class=\"mn-container\">\n<div class=\"justify-text\">\n<p>Fruit d&rsquo;un m\u00e9tissage entre le sud et la Belgique, Lina Tosca \u00e9volue dans un registre musical vari\u00e9 et multiculturel. De cours de chant classique \u00e0 l&rsquo;Acad\u00e9mie Gretry \u00e0 Li\u00e8ge en cours de chant particulier, la voix de Lina a \u00e9volu\u00e9 jusqu&rsquo;\u00e0 atteindre sa maturit\u00e9. Elle jongle ais\u00e9ment entre les chansons ethniques et le r\u00e9pertoire de la vari\u00e9t\u00e9 fran\u00e7aise. D\u00e9crire son timbre de voix serait certainement r\u00e9ducteur tant il est particulier et fort. Ce qui s&rsquo;en d\u00e9gage appartient \u00e0 l&rsquo;\u00e9motion et \u00e0 la sensibilit\u00e9 de chacun.<\/p>\n<p>Bien que n\u00e9e dans la r\u00e9gion li\u00e9geoise, Lina Tosca est Vervi\u00e9toise de coeur. En effet, ayant totalement adopt\u00e9 Verviers depuis plusieurs ann\u00e9es, elle s&rsquo;y sent bien tant elle a nou\u00e9 des liens de profondes amiti\u00e9s. Lina est une jeune femme qui d\u00e9borde de talent et d&rsquo;\u00e9nergie. C&rsquo;est une bosseuse, une fonceuse, qui voit enfin r\u00e9compens\u00e9es ses ann\u00e9es de pers\u00e9v\u00e9rance dans l&rsquo;univers de la musique, sa passion.<\/p>\n<p>L&rsquo;ann\u00e9e 1998 est l&rsquo;ann\u00e9e de la cons\u00e9cration pour la jeune chanteuse. En effet, elle se produit aux Francofolies de Spa et, dans la foul\u00e9e, remporte le 1er Prix de la Chanson Francophone de Namur.<\/p>\n<p><img loading=\"lazy\" class=\"alignright\" src=\"http:\/\/www.linatosca.be\/images\/lina_tosca_1.jpg\" alt=\"\" width=\"200\" height=\"134\" \/><\/p>\n<p>Le coup de pouce n\u00e9cessaire \u00e0 sa carri\u00e8re naissante intervient le 16 novembre 2002, lors d&rsquo;une rencontre exceptionnelle avec Jean Vall\u00e9e, qui l&rsquo;a entendue, \u00e9cout\u00e9e et appr\u00e9ci\u00e9e&#8230; Il l&rsquo;invite \u00e0 participer \u00e0 son r\u00e9cital le lendemain au Casino de Spa. Son interpr\u00e9tation d&rsquo;Edith Piaf fut tout simplement remarquable. En f\u00e9vrier 2003, elle partage, une nouvelle fois, l&rsquo;affiche avec Jean Vall\u00e9e, lors d&rsquo;un concert-cabaret \u00ab sold out \u00bb au Spirit of 66 \u00e0 Verviers. Cette date co\u00efncide avec la sortie de son premier CD, compos\u00e9 de deux in\u00e9dits (Paquito et Androgyne) et de deux reprises (La Mamma et l&rsquo;Hymne \u00e0 l&rsquo;amour).<\/p>\n<p>En juillet 2003, la pr\u00e9sence de Lina aux Francofolies de Spa est remarqu\u00e9e lors d&rsquo;un hommage \u00e0 Brel sur la sc\u00e8ne du petit th\u00e9\u00e2tre du Casino, en premi\u00e8re partie d&rsquo;Yves Duteil. Parall\u00e8lement, elle anime tous les soirs les \u00ab bars en Folies \u00bb du festival spadois.<\/p>\n<p>Ses diff\u00e9rentes repr\u00e9sentations remarqu\u00e9es porteront leurs fruits puisqu&rsquo;en 2004, elle participe au T\u00e9l\u00e9vie devant plus de 5000 personnes, \u00e0 la gare de Verviers. 2004 est aussi l&rsquo;ann\u00e9e des premiers concerts en France (Vittel, Vaison la Romaine o\u00f9 elle anima le 14 juillet, etc) et d&rsquo;une collaboration avec Guido Jardon et son Orchestre pour le lancement de son nouveau r\u00e9cital de chansons fran\u00e7aises \u00ab le cercle des Artistes disparus \u00bb (Piaf, Brel, Ferr\u00e9, Montand, etc), agr\u00e9ment\u00e9 de ses in\u00e9dits. Les premi\u00e8res repr\u00e9sentations \u00e0 l&rsquo;Espace Duesberg, \u00e0 Verviers, sont un franc succ\u00e8s: salles combles et un public plus qu&rsquo;enthousiaste. Dans la foul\u00e9e, le spectacle donn\u00e9 en mars 2005 au Trocadero de Li\u00e8ge se termine par une \u00ab standing ovation \u00bb.<\/p>\n<p>2005 : les Francofolies de Spa lui ont r\u00e9serv\u00e9 une place de choix car Lina se produit au petit Th\u00e9\u00e2tre le 23 juillet. Et l\u00e0 aussi succ\u00e8s complet. 2005 est aussi l\u2019ann\u00e9e de la Francophonie. 60 pays francophones ont \u00e9t\u00e9s repr\u00e9sent\u00e9s en Belgique pour une semaine de rencontre cl\u00f4tur\u00e9e par un concert de Lina Tosca. Sa prestation fut tr\u00e8s appr\u00e9ci\u00e9e et f\u00e9licit\u00e9e par Salvatore Adamo lui-m\u00eame. Les contacts sont \u00e9tablis pour des prestations au Qu\u00e9bec. Le 14 juillet se f\u00eate en France \u00e0 Gigondas et le public fran\u00e7ais sera des plus chaleureux, l\u00e0 aussi<\/p>\n<p><img loading=\"lazy\" class=\"alignleft\" src=\"http:\/\/www.linatosca.be\/images\/lina_tosca_micro.jpg\" alt=\"\" width=\"200\" height=\"150\" \/>La sortie de son second CD est devenue r\u00e9alit\u00e9 le premier juin 2005. Celui-ci contient quatre nouveaux titres in\u00e9dits : Les Femmes, Rencontre, Caniveau et Mon \u00e2me.<br \/>\nLa palette vocale de l\u2019artiste est mise en valeur dans ce tr\u00e8s beau CD. A d\u00e9couvrir vraiment.<br \/>\nD\u2019autres in\u00e9dits sont d\u00e9j\u00e0 en pr\u00e9paration pour r\u00e9aliser son premier album en 2006. L\u2019 avenir est certainement tr\u00e8s prometteur, des contacts sont \u00e9tablis avec Antenne 2 par l\u2019entremise de Pascal Sevran qui a appr\u00e9ci\u00e9 l\u2019audition que Lina \u00e0 faite au Z\u00e9nith de Lille<br \/>\nLa pr\u00e9paration de la comm\u00e9moration de l\u2019arriv\u00e9e officiel des immigr\u00e9s italiens qui se f\u00eatera \u00e0 Huy en juin 2006 bat son plein. Lina Tosca interpr\u00e9tera trois chansons in\u00e9dites, \u00e9crite pour elle, et compos\u00e9e par Guiseppe Rinaldi, compositeur de musique de film italien entre autre. Cette prestation in\u00e9dite se pr\u00e9sente d\u00e9j\u00e0 comme un moment audio visuel de premi\u00e8re qualit\u00e9.<\/p>\n<\/div>\n<\/div>\n","protected":false},"excerpt":{"rendered":"<p>Fruit d&rsquo;un m\u00e9tissage entre le sud et la Belgique, Lina Tosca \u00e9volue dans un registre musical vari\u00e9 et multiculturel. De&hellip;<\/p>\n","protected":false},"author":1,"featured_media":0,"parent":0,"menu_order":0,"comment_status":"closed","ping_status":"closed","template":"","meta":[],"yoast_head":"<!-- This site is optimized with the Yoast SEO plugin v18.5.1 - https:\/\/yoast.com\/wordpress\/plugins\/seo\/ -->\n<title>Biographie de Lina Tosca - Lina Tosca Concert<\/title>\n<meta name=\"robots\" content=\"index, follow, max-snippet:-1, max-image-preview:large, max-video-preview:-1\" \/>\n<link rel=\"canonical\" href=\"https:\/\/linatosca.be\/concert\/biographie\/\" \/>\n<meta property=\"og:locale\" content=\"fr_FR\" \/>\n<meta property=\"og:type\" content=\"article\" \/>\n<meta property=\"og:title\" content=\"Biographie de Lina Tosca - Lina Tosca Concert\" \/>\n<meta property=\"og:description\" content=\"Fruit d&rsquo;un m\u00e9tissage entre le sud et la Belgique, Lina Tosca \u00e9volue dans un registre musical vari\u00e9 et multiculturel. De&hellip;\" \/>\n<meta property=\"og:url\" content=\"https:\/\/linatosca.be\/concert\/biographie\/\" \/>\n<meta property=\"og:site_name\" content=\"Lina Tosca Concert\" \/>\n<meta property=\"article:modified_time\" content=\"2022-04-02T15:40:40+00:00\" \/>\n<meta property=\"og:image\" content=\"http:\/\/www.linatosca.be\/images\/lina_tosca_1.jpg\" \/>\n<meta name=\"twitter:card\" content=\"summary_large_image\" \/>\n<meta name=\"twitter:label1\" content=\"Dur\u00e9e de lecture estim\u00e9e\" \/>\n\t<meta name=\"twitter:data1\" content=\"4 minutes\" \/>\n<script type=\"application\/ld+json\" class=\"yoast-schema-graph\">{\"@context\":\"https:\/\/schema.org\",\"@graph\":[{\"@type\":\"WebSite\",\"@id\":\"https:\/\/linatosca.be\/concert\/#website\",\"url\":\"https:\/\/linatosca.be\/concert\/\",\"name\":\"Lina Tosca Concert\",\"description\":\"Tous les concerts de Lina Tosca\",\"potentialAction\":[{\"@type\":\"SearchAction\",\"target\":{\"@type\":\"EntryPoint\",\"urlTemplate\":\"https:\/\/linatosca.be\/concert\/?s={search_term_string}\"},\"query-input\":\"required name=search_term_string\"}],\"inLanguage\":\"fr-FR\"},{\"@type\":\"ImageObject\",\"@id\":\"https:\/\/linatosca.be\/concert\/biographie\/#primaryimage\",\"inLanguage\":\"fr-FR\",\"url\":\"http:\/\/www.linatosca.be\/images\/lina_tosca_1.jpg\",\"contentUrl\":\"http:\/\/www.linatosca.be\/images\/lina_tosca_1.jpg\"},{\"@type\":\"WebPage\",\"@id\":\"https:\/\/linatosca.be\/concert\/biographie\/#webpage\",\"url\":\"https:\/\/linatosca.be\/concert\/biographie\/\",\"name\":\"Biographie de Lina Tosca - Lina Tosca Concert\",\"isPartOf\":{\"@id\":\"https:\/\/linatosca.be\/concert\/#website\"},\"primaryImageOfPage\":{\"@id\":\"https:\/\/linatosca.be\/concert\/biographie\/#primaryimage\"},\"datePublished\":\"2022-04-02T10:13:05+00:00\",\"dateModified\":\"2022-04-02T15:40:40+00:00\",\"breadcrumb\":{\"@id\":\"https:\/\/linatosca.be\/concert\/biographie\/#breadcrumb\"},\"inLanguage\":\"fr-FR\",\"potentialAction\":[{\"@type\":\"ReadAction\",\"target\":[\"https:\/\/linatosca.be\/concert\/biographie\/\"]}]},{\"@type\":\"BreadcrumbList\",\"@id\":\"https:\/\/linatosca.be\/concert\/biographie\/#breadcrumb\",\"itemListElement\":[{\"@type\":\"ListItem\",\"position\":1,\"name\":\"Accueil\",\"item\":\"https:\/\/linatosca.be\/concert\/\"},{\"@type\":\"ListItem\",\"position\":2,\"name\":\"Biographie de Lina Tosca\"}]}]}<\/script>\n<!-- \/ Yoast SEO plugin. -->","yoast_head_json":{"title":"Biographie de Lina Tosca - Lina Tosca Concert","robots":{"index":"index","follow":"follow","max-snippet":"max-snippet:-1","max-image-preview":"max-image-preview:large","max-video-preview":"max-video-preview:-1"},"canonical":"https:\/\/linatosca.be\/concert\/biographie\/","og_locale":"fr_FR","og_type":"article","og_title":"Biographie de Lina Tosca - Lina Tosca Concert","og_description":"Fruit d&rsquo;un m\u00e9tissage entre le sud et la Belgique, Lina Tosca \u00e9volue dans un registre musical vari\u00e9 et multiculturel. De&hellip;","og_url":"https:\/\/linatosca.be\/concert\/biographie\/","og_site_name":"Lina Tosca Concert","article_modified_time":"2022-04-02T15:40:40+00:00","og_image":[{"url":"http:\/\/www.linatosca.be\/images\/lina_tosca_1.jpg"}],"twitter_card":"summary_large_image","twitter_misc":{"Dur\u00e9e de lecture estim\u00e9e":"4 minutes"},"schema":{"@context":"https:\/\/schema.org","@graph":[{"@type":"WebSite","@id":"https:\/\/linatosca.be\/concert\/#website","url":"https:\/\/linatosca.be\/concert\/","name":"Lina Tosca Concert","description":"Tous les concerts de Lina Tosca","potentialAction":[{"@type":"SearchAction","target":{"@type":"EntryPoint","urlTemplate":"https:\/\/linatosca.be\/concert\/?s={search_term_string}"},"query-input":"required name=search_term_string"}],"inLanguage":"fr-FR"},{"@type":"ImageObject","@id":"https:\/\/linatosca.be\/concert\/biographie\/#primaryimage","inLanguage":"fr-FR","url":"http:\/\/www.linatosca.be\/images\/lina_tosca_1.jpg","contentUrl":"http:\/\/www.linatosca.be\/images\/lina_tosca_1.jpg"},{"@type":"WebPage","@id":"https:\/\/linatosca.be\/concert\/biographie\/#webpage","url":"https:\/\/linatosca.be\/concert\/biographie\/","name":"Biographie de Lina Tosca - Lina Tosca Concert","isPartOf":{"@id":"https:\/\/linatosca.be\/concert\/#website"},"primaryImageOfPage":{"@id":"https:\/\/linatosca.be\/concert\/biographie\/#primaryimage"},"datePublished":"2022-04-02T10:13:05+00:00","dateModified":"2022-04-02T15:40:40+00:00","breadcrumb":{"@id":"https:\/\/linatosca.be\/concert\/biographie\/#breadcrumb"},"inLanguage":"fr-FR","potentialAction":[{"@type":"ReadAction","target":["https:\/\/linatosca.be\/concert\/biographie\/"]}]},{"@type":"BreadcrumbList","@id":"https:\/\/linatosca.be\/concert\/biographie\/#breadcrumb","itemListElement":[{"@type":"ListItem","position":1,"name":"Accueil","item":"https:\/\/linatosca.be\/concert\/"},{"@type":"ListItem","position":2,"name":"Biographie de Lina Tosca"}]}]}},"_links":{"self":[{"href":"https:\/\/linatosca.be\/concert\/wp-json\/wp\/v2\/pages\/4"}],"collection":[{"href":"https:\/\/linatosca.be\/concert\/wp-json\/wp\/v2\/pages"}],"about":[{"href":"https:\/\/linatosca.be\/concert\/wp-json\/wp\/v2\/types\/page"}],"author":[{"embeddable":true,"href":"https:\/\/linatosca.be\/concert\/wp-json\/wp\/v2\/users\/1"}],"replies":[{"embeddable":true,"href":"https:\/\/linatosca.be\/concert\/wp-json\/wp\/v2\/comments?post=4"}],"version-history":[{"count":6,"href":"https:\/\/linatosca.be\/concert\/wp-json\/wp\/v2\/pages\/4\/revisions"}],"predecessor-version":[{"id":67,"href":"https:\/\/linatosca.be\/concert\/wp-json\/wp\/v2\/pages\/4\/revisions\/67"}],"wp:attachment":[{"href":"https:\/\/linatosca.be\/concert\/wp-json\/wp\/v2\/media?parent=4"}],"curies":[{"name":"wp","href":"https:\/\/api.w.org\/{rel}","templated":true}]}}