{"id":13,"date":"2022-04-02T12:14:40","date_gmt":"2022-04-02T10:14:40","guid":{"rendered":"https:\/\/linatosca.be\/concert\/?page_id=13"},"modified":"2022-04-02T18:46:43","modified_gmt":"2022-04-02T16:46:43","slug":"liens","status":"publish","type":"page","link":"https:\/\/linatosca.be\/concert\/liens\/","title":{"rendered":"Liens"},"content":{"rendered":"\t\t<div data-elementor-type=\"wp-page\" data-elementor-id=\"13\" class=\"elementor elementor-13\">\n\t\t\t\t\t\t\t\t\t<section class=\"elementor-section elementor-top-section elementor-element elementor-element-5431a9b7 elementor-section-height-min-height elementor-section-items-top elementor-section-content-middle elementor-section-boxed elementor-section-height-default\" data-id=\"5431a9b7\" data-element_type=\"section\">\n\t\t\t\t\t\t<div class=\"elementor-container elementor-column-gap-default\">\n\t\t\t\t\t<div class=\"elementor-column elementor-col-100 elementor-top-column elementor-element elementor-element-6572c83a\" data-id=\"6572c83a\" data-element_type=\"column\">\n\t\t\t<div class=\"elementor-widget-wrap elementor-element-populated\">\n\t\t\t\t\t\t\t\t<div class=\"elementor-element elementor-element-0d42b20 elementor-widget elementor-widget-heading\" data-id=\"0d42b20\" data-element_type=\"widget\" data-widget_type=\"heading.default\">\n\t\t\t\t<div class=\"elementor-widget-container\">\n\t\t\t<h4 class=\"elementor-heading-title elementor-size-default\">Nous sommes en train de ressembler des liens vers des sites amis<\/h4>\t\t<\/div>\n\t\t\t\t<\/div>\n\t\t\t\t<div class=\"elementor-element elementor-element-26e78ba elementor-icon-list--layout-traditional elementor-list-item-link-full_width elementor-widget elementor-widget-icon-list\" data-id=\"26e78ba\" data-element_type=\"widget\" data-widget_type=\"icon-list.default\">\n\t\t\t\t<div class=\"elementor-widget-container\">\n\t\t\t\t\t<ul class=\"elementor-icon-list-items\">\n\t\t\t\t\t\t\t<li class=\"elementor-icon-list-item\">\n\t\t\t\t\t\t\t\t\t\t\t<a href=\"http:\/\/www.jardon.be\/\">\n\n\t\t\t\t\t\t\t\t\t\t\t\t<span class=\"elementor-icon-list-icon\">\n\t\t\t\t\t\t\t<i aria-hidden=\"true\" class=\"fas fa-globe\"><\/i>\t\t\t\t\t\t<\/span>\n\t\t\t\t\t\t\t\t\t\t<span class=\"elementor-icon-list-text\">Guido Jardon, pianiste<\/span>\n\t\t\t\t\t\t\t\t\t\t\t<\/a>\n\t\t\t\t\t\t\t\t\t<\/li>\n\t\t\t\t\t\t\t\t<li class=\"elementor-icon-list-item\">\n\t\t\t\t\t\t\t\t\t\t\t<a href=\"http:\/\/www.ccrv.be\/\">\n\n\t\t\t\t\t\t\t\t\t\t\t\t<span class=\"elementor-icon-list-icon\">\n\t\t\t\t\t\t\t<i aria-hidden=\"true\" class=\"fas fa-globe\"><\/i>\t\t\t\t\t\t<\/span>\n\t\t\t\t\t\t\t\t\t\t<span class=\"elementor-icon-list-text\">Centre Culturel R\u00e9gional de Verviers asbl - Grand Th\u00e9\u00e2tre de Verviers<\/span>\n\t\t\t\t\t\t\t\t\t\t\t<\/a>\n\t\t\t\t\t\t\t\t\t<\/li>\n\t\t\t\t\t\t\t\t<li class=\"elementor-icon-list-item\">\n\t\t\t\t\t\t\t\t\t\t\t<a href=\"http:\/\/www.francofolies.be\/\">\n\n\t\t\t\t\t\t\t\t\t\t\t\t<span class=\"elementor-icon-list-icon\">\n\t\t\t\t\t\t\t<i aria-hidden=\"true\" class=\"fas fa-globe\"><\/i>\t\t\t\t\t\t<\/span>\n\t\t\t\t\t\t\t\t\t\t<span class=\"elementor-icon-list-text\">Francofolies de Spa - du 18 au 22 juillet 2007<\/span>\n\t\t\t\t\t\t\t\t\t\t\t<\/a>\n\t\t\t\t\t\t\t\t\t<\/li>\n\t\t\t\t\t\t\t\t<li class=\"elementor-icon-list-item\">\n\t\t\t\t\t\t\t\t\t\t\t<a href=\"http:\/\/www.istasse.org\/\">\n\n\t\t\t\t\t\t\t\t\t\t\t\t<span class=\"elementor-icon-list-icon\">\n\t\t\t\t\t\t\t<i aria-hidden=\"true\" class=\"fas fa-globe\"><\/i>\t\t\t\t\t\t<\/span>\n\t\t\t\t\t\t\t\t\t\t<span class=\"elementor-icon-list-text\">Jean-Fran\u00e7ois Istasse : Pr\u00e9sident du Parlement de la Communaut\u00e9 Fran\u00e7aise de Belgique. <\/span>\n\t\t\t\t\t\t\t\t\t\t\t<\/a>\n\t\t\t\t\t\t\t\t\t<\/li>\n\t\t\t\t\t\t<\/ul>\n\t\t\t\t<\/div>\n\t\t\t\t<\/div>\n\t\t\t\t\t<\/div>\n\t\t<\/div>\n\t\t\t\t\t\t\t<\/div>\n\t\t<\/section>\n\t\t\t\t\t\t\t<\/div>\n\t\t","protected":false},"excerpt":{"rendered":"<p>Nous sommes en train de ressembler des liens vers des sites amis Guido Jardon, pianiste Centre Culturel R\u00e9gional de Verviers&hellip;<\/p>\n","protected":false},"author":1,"featured_media":0,"parent":0,"menu_order":0,"comment_status":"closed","ping_status":"closed","template":"","meta":[],"yoast_head":"<!-- This site is optimized with the Yoast SEO plugin v18.5.1 - https:\/\/yoast.com\/wordpress\/plugins\/seo\/ -->\n<title>Liens - Lina Tosca Concert<\/title>\n<meta name=\"robots\" content=\"index, follow, max-snippet:-1, max-image-preview:large, max-video-preview:-1\" \/>\n<link rel=\"canonical\" href=\"https:\/\/linatosca.be\/concert\/liens\/\" \/>\n<meta property=\"og:locale\" content=\"fr_FR\" \/>\n<meta property=\"og:type\" content=\"article\" \/>\n<meta property=\"og:title\" content=\"Liens - Lina Tosca Concert\" \/>\n<meta property=\"og:description\" content=\"Nous sommes en train de ressembler des liens vers des sites amis Guido Jardon, pianiste Centre Culturel R\u00e9gional de Verviers&hellip;\" \/>\n<meta property=\"og:url\" content=\"https:\/\/linatosca.be\/concert\/liens\/\" \/>\n<meta property=\"og:site_name\" content=\"Lina Tosca Concert\" \/>\n<meta property=\"article:modified_time\" content=\"2022-04-02T16:46:43+00:00\" \/>\n<meta name=\"twitter:card\" content=\"summary_large_image\" \/>\n<script type=\"application\/ld+json\" class=\"yoast-schema-graph\">{\"@context\":\"https:\/\/schema.org\",\"@graph\":[{\"@type\":\"WebSite\",\"@id\":\"https:\/\/linatosca.be\/concert\/#website\",\"url\":\"https:\/\/linatosca.be\/concert\/\",\"name\":\"Lina Tosca Concert\",\"description\":\"Tous les concerts de Lina Tosca\",\"potentialAction\":[{\"@type\":\"SearchAction\",\"target\":{\"@type\":\"EntryPoint\",\"urlTemplate\":\"https:\/\/linatosca.be\/concert\/?s={search_term_string}\"},\"query-input\":\"required name=search_term_string\"}],\"inLanguage\":\"fr-FR\"},{\"@type\":\"WebPage\",\"@id\":\"https:\/\/linatosca.be\/concert\/liens\/#webpage\",\"url\":\"https:\/\/linatosca.be\/concert\/liens\/\",\"name\":\"Liens - Lina Tosca Concert\",\"isPartOf\":{\"@id\":\"https:\/\/linatosca.be\/concert\/#website\"},\"datePublished\":\"2022-04-02T10:14:40+00:00\",\"dateModified\":\"2022-04-02T16:46:43+00:00\",\"breadcrumb\":{\"@id\":\"https:\/\/linatosca.be\/concert\/liens\/#breadcrumb\"},\"inLanguage\":\"fr-FR\",\"potentialAction\":[{\"@type\":\"ReadAction\",\"target\":[\"https:\/\/linatosca.be\/concert\/liens\/\"]}]},{\"@type\":\"BreadcrumbList\",\"@id\":\"https:\/\/linatosca.be\/concert\/liens\/#breadcrumb\",\"itemListElement\":[{\"@type\":\"ListItem\",\"position\":1,\"name\":\"Accueil\",\"item\":\"https:\/\/linatosca.be\/concert\/\"},{\"@type\":\"ListItem\",\"position\":2,\"name\":\"Liens\"}]}]}<\/script>\n<!-- \/ Yoast SEO plugin. -->","yoast_head_json":{"title":"Liens - Lina Tosca Concert","robots":{"index":"index","follow":"follow","max-snippet":"max-snippet:-1","max-image-preview":"max-image-preview:large","max-video-preview":"max-video-preview:-1"},"canonical":"https:\/\/linatosca.be\/concert\/liens\/","og_locale":"fr_FR","og_type":"article","og_title":"Liens - Lina Tosca Concert","og_description":"Nous sommes en train de ressembler des liens vers des sites amis Guido Jardon, pianiste Centre Culturel R\u00e9gional de Verviers&hellip;","og_url":"https:\/\/linatosca.be\/concert\/liens\/","og_site_name":"Lina Tosca Concert","article_modified_time":"2022-04-02T16:46:43+00:00","twitter_card":"summary_large_image","schema":{"@context":"https:\/\/schema.org","@graph":[{"@type":"WebSite","@id":"https:\/\/linatosca.be\/concert\/#website","url":"https:\/\/linatosca.be\/concert\/","name":"Lina Tosca Concert","description":"Tous les concerts de Lina Tosca","potentialAction":[{"@type":"SearchAction","target":{"@type":"EntryPoint","urlTemplate":"https:\/\/linatosca.be\/concert\/?s={search_term_string}"},"query-input":"required name=search_term_string"}],"inLanguage":"fr-FR"},{"@type":"WebPage","@id":"https:\/\/linatosca.be\/concert\/liens\/#webpage","url":"https:\/\/linatosca.be\/concert\/liens\/","name":"Liens - Lina Tosca Concert","isPartOf":{"@id":"https:\/\/linatosca.be\/concert\/#website"},"datePublished":"2022-04-02T10:14:40+00:00","dateModified":"2022-04-02T16:46:43+00:00","breadcrumb":{"@id":"https:\/\/linatosca.be\/concert\/liens\/#breadcrumb"},"inLanguage":"fr-FR","potentialAction":[{"@type":"ReadAction","target":["https:\/\/linatosca.be\/concert\/liens\/"]}]},{"@type":"BreadcrumbList","@id":"https:\/\/linatosca.be\/concert\/liens\/#breadcrumb","itemListElement":[{"@type":"ListItem","position":1,"name":"Accueil","item":"https:\/\/linatosca.be\/concert\/"},{"@type":"ListItem","position":2,"name":"Liens"}]}]}},"_links":{"self":[{"href":"https:\/\/linatosca.be\/concert\/wp-json\/wp\/v2\/pages\/13"}],"collection":[{"href":"https:\/\/linatosca.be\/concert\/wp-json\/wp\/v2\/pages"}],"about":[{"href":"https:\/\/linatosca.be\/concert\/wp-json\/wp\/v2\/types\/page"}],"author":[{"embeddable":true,"href":"https:\/\/linatosca.be\/concert\/wp-json\/wp\/v2\/users\/1"}],"replies":[{"embeddable":true,"href":"https:\/\/linatosca.be\/concert\/wp-json\/wp\/v2\/comments?post=13"}],"version-history":[{"count":10,"href":"https:\/\/linatosca.be\/concert\/wp-json\/wp\/v2\/pages\/13\/revisions"}],"predecessor-version":[{"id":113,"href":"https:\/\/linatosca.be\/concert\/wp-json\/wp\/v2\/pages\/13\/revisions\/113"}],"wp:attachment":[{"href":"https:\/\/linatosca.be\/concert\/wp-json\/wp\/v2\/media?parent=13"}],"curies":[{"name":"wp","href":"https:\/\/api.w.org\/{rel}","templated":true}]}}